{"id":2489,"date":"2022-07-27T10:23:48","date_gmt":"2022-07-27T09:23:48","guid":{"rendered":"http:\/\/wagenaar-refrigeration.com\/co2chiller\/"},"modified":"2022-08-31T19:50:33","modified_gmt":"2022-08-31T18:50:33","slug":"co2chiller","status":"publish","type":"page","link":"https:\/\/wagenaar-refrigeration.com\/en\/co2chiller\/","title":{"rendered":"CO2chiller"},"content":{"rendered":"<p>[vc_row full_width=&#8221;stretch_row&#8221; css=&#8221;.vc_custom_1658914384808{background-image: url(http:\/\/wagenaar-refrigeration.com\/wp-content\/uploads\/78.png?id=2342) !important;background-position: center !important;background-repeat: no-repeat !important;background-size: cover !important;}&#8221; el_class=&#8221;banner-b1 bannerVersion2 text-white text-center&#8221;][vc_column][vc_column_text el_class=&#8221;text-center&#8221;]<\/p>\n<h1>CO2 chiller<\/h1>\n<p>[\/vc_column_text][\/vc_column][\/vc_row][vc_row gap=&#8221;30&#8243; el_class=&#8221;pb-0&#8243;][vc_column width=&#8221;5\/12&#8243;][vc_single_image image=&#8221;2342&#8243; img_size=&#8221;full&#8221; style=&#8221;vc_box_rounded&#8221;][\/vc_column][vc_column width=&#8221;7\/12&#8243;][vc_column_text]<\/p>\n<h4>Industrial heat pump \/ chiller<\/h4>\n<p>[\/vc_column_text][vc_column_text]<\/p>\n<div class=\"et_pb_module et_pb_text et_pb_text_2 et_pb_text_align_justified et_pb_bg_layout_light\">\n<div class=\"et_pb_text_inner\">\n<p>An industrial heat pump\/chiller with natural refrigerants is a sustainable electrical solution for controlling the climate for industrial applications. Provides cold and hot water.<\/p>\n<p>The heat pump\/chiller can be designed to meet the desired heat demand and cooling demand. The heat pump\/chiller is sustainable because it uses natural refrigerants such as R290 (Propane) or R744 (Carbon Dioxide). If the desired heat pump\/chiller is not available as standard then it will be designed and manufactured.<\/p>\n<\/div>\n<\/div>\n<p>[\/vc_column_text][\/vc_column][\/vc_row][vc_row gap=&#8221;30&#8243; content_placement=&#8221;middle&#8221; el_class=&#8221;element-m1 contentVersion1&#8243;][vc_column width=&#8221;7\/12&#8243;][vc_column_text]<\/p>\n<h2><strong>(Proef)-koelinstallatie C02 chiller CERN<\/strong><\/h2>\n<p>[\/vc_column_text][vc_column_text]Wagenaar Refrigeration is active not only in the region but also has interesting international projects. Such as, for instance the construction of a test cooling installation for the international particle laboratory CERN in Geneva. The CO2 chiller came about because the scientists were looking for a very precise and standardized way to apply CO2 cooling in their particle accelerator, with a margin of less than a tenth of a degree. Above ground the method is tested before it is applied in the particle accelerator 100 meters underground[\/vc_column_text][\/vc_column][vc_column width=&#8221;5\/12&#8243;][vc_single_image image=&#8221;2336&#8243; img_size=&#8221;full&#8221; style=&#8221;vc_box_rounded&#8221;][\/vc_column][\/vc_row][vc_row gap=&#8221;30&#8243; content_placement=&#8221;middle&#8221; disable_element=&#8221;yes&#8221; el_class=&#8221;element-m1 reverse_mobile pt-0 contentVersion2&#8243;][vc_column width=&#8221;5\/12&#8243;][vc_single_image image=&#8221;2295&#8243; img_size=&#8221;full&#8221; style=&#8221;vc_box_rounded&#8221;][\/vc_column][vc_column width=&#8221;7\/12&#8243;][vc_column_text]<\/p>\n<h4>Technische werking |\u00a0 Dry+ 50 Climate<\/h4>\n<p>[\/vc_column_text][vc_column_text]<\/p>\n<div class=\"et_pb_module et_pb_text et_pb_text_2 et_pb_text_align_justified et_pb_bg_layout_light\">\n<div class=\"et_pb_text_inner\">\n<p>De DRY+ unit werkt volgens het recirculatieprincipe. De unit haalt vochtige lucht uit de kas en ontvochtigt die lucht door het gebruik van het koelblok. Door de ge\u00efntegreerde techniek kan de DRY+ Climate 50,5 kg\/uur ontvochtigen met een nominaal energie van slechts 11,1 kW (18\u00b0C \/ 80%) met verbruik van 0,22 kWh\/L.<\/p>\n<\/div>\n<\/div>\n<div class=\"et_pb_module et_pb_text et_pb_text_3 et_pb_text_align_justified et_pb_bg_layout_light\">\n<div class=\"et_pb_text_inner\">\n<p>Met een compressor van slechts 9,0 kW heeft de DRY+ een koelvermogen van 66 kW en een verwarmingsvermogen van 75 kW. De DRY+ gebruikt 100% van de warmte die vrijkomt bij ontvochtiging. U kunt uw kas dus verwarmen met een netto verwarmingsvermogen van 39 kW (18\u00b0C \/ 80%).<\/p>\n<\/div>\n<\/div>\n<p>[\/vc_column_text][\/vc_column][\/vc_row][vc_row gap=&#8221;30&#8243; content_placement=&#8221;middle&#8221; disable_element=&#8221;yes&#8221; el_class=&#8221;element-m1 contentVersion1 pt-0&#8243;][vc_column width=&#8221;7\/12&#8243;][vc_column_text]<\/p>\n<h4>Luchtverdeling<\/h4>\n<p>[\/vc_column_text][vc_column_text]Een goed klimaat begint bij een uniforme verdeling van temperatuur en luchtvochtigheid door de gehele teeltruimte. Het is van belang dat het vocht zich niet ophoopt op plantniveau \u00e9n de plant niet onnodig wordt gestimuleerd wordt om te verdampen.<\/p>\n<p>De luchtverdeling is een belangrijk onderdeel voor een optimale en uniforme ontvochtiging binnen de teeltruimte. Om dit resultaat te bereiken kijkt Green Simplicity per situatie wat de meest effici\u00ebnte manier is voor het uniform inbrengen \u00e9n verplaatsen van de lucht op gewasniveau. Er zijn verschillende opties mogelijk voor de gelijkmatige ontvochtiging:<\/p>\n<ul>\n<li><strong>Luchtverdeelslangen op gewasniveau:<\/strong>Met een luchtkanaal kunnen verschillende luchtverdeelslangen worden aangesloten op de DRY+ Unit. Afhankelijk van de situatie wordt de ideale hoogte bepaald \u00e9n een optimaal uitblaaspatroon berekend om een homogeen klimaat boven \u00e9n tussen het gewas te cre\u00ebren.<\/li>\n<li><strong>Luchtverdeelslang voor egale inbreng in teeltruimte:<\/strong>In een bestaande kas langer dan 40 meter, waar de lucht\u00a0 uniform wordt verdeeld door bijvoorbeeld het netwerk van horizontale of verticale ventilatoren, is het mogelijk om met enkele grotere verdeelslangen lucht in te brengen.In dit geval figureren de verdeelslangen alleen voor het uniform inbrengen van de droge, warmen of koude lucht over de lengte van de afdeling.<\/li>\n<li><strong>Vrije uitblaas met steun ventilatoren:<\/strong>In bestaande kassen met beperkte lengtes (onder de 40 meter) is vaak een netwerk van horizontale en\/of verticale ventilatoren aanwezig voor het verplaatsen van de lucht op gewasniveau. In deze situatie kan de DRY+ de lucht vrij in de ruimte uitblazen \u00e9n wordt de behandelde lucht verspreidt door het bestaande netwerk.<\/li>\n<\/ul>\n<p>[\/vc_column_text][\/vc_column][vc_column width=&#8221;5\/12&#8243;][vc_single_image image=&#8221;2291&#8243; img_size=&#8221;full&#8221; style=&#8221;vc_box_rounded&#8221;][\/vc_column][\/vc_row][vc_row full_width=&#8221;stretch_row&#8221; el_class=&#8221;bg-primary pt-5 pb-5 text-white offerte-aanvragen-blok&#8221;][vc_column][vc_row_inner content_placement=&#8221;middle&#8221;][vc_column_inner el_class=&#8221;content-text&#8221; width=&#8221;2\/3&#8243;][vc_column_text el_class=&#8221;text-white&#8221;]<\/p>\n<h4>Interested in the CO2 chiller?<\/h4>\n<p>[\/vc_column_text][vc_column_text]Request information without obligation.<br \/>\nWe will contact you within 48 hours[\/vc_column_text][\/vc_column_inner][vc_column_inner width=&#8221;1\/3&#8243;][vc_btn title=&#8221;Free information&#8221; align=&#8221;right&#8221; link=&#8221;url:http%3A%2F%2Fwagenaar-refrigeration.com%2Fen%2Fcontact%2F|title:Information&#8221; el_class=&#8221;white&#8221;][\/vc_column_inner][\/vc_row_inner][\/vc_column][\/vc_row]<\/p>\n","protected":false},"excerpt":{"rendered":"<p>[vc_row full_width=&#8221;stretch_row&#8221; css=&#8221;.vc_custom_1658914384808{background-image: url(http:\/\/wagenaar-refrigeration.com\/wp-content\/uploads\/78.png?id=2342) !important;background-position: center !important;background-repeat: no-repeat !important;background-size: cover !important;}&#8221; el_class=&#8221;banner-b1 bannerVersion2 text-white text-center&#8221;][vc_column][vc_column_text el_class=&#8221;text-center&#8221;] CO2 chiller [\/vc_column_text][\/vc_column][\/vc_row][vc_row gap=&#8221;30&#8243; el_class=&#8221;pb-0&#8243;][vc_column width=&#8221;5\/12&#8243;][vc_single_image image=&#8221;2342&#8243; img_size=&#8221;full&#8221; style=&#8221;vc_box_rounded&#8221;][\/vc_column][vc_column width=&#8221;7\/12&#8243;][vc_column_text] Industrial heat pump \/ chiller [\/vc_column_text][vc_column_text] An industrial heat pump\/chiller with natural refrigerants is a sustainable electrical solution for controlling the climate for industrial applications. Provides cold and hot water. The heat pump\/chiller can be designed to meet the desired heat demand and cooling demand. The heat pump\/chiller is sustainable because it uses natural refrigerants such as R290 (Propane) or R744 (Carbon Dioxide). If the desired heat pump\/chiller is not available as standard then it will be designed and manufactured. [\/vc_column_text][\/vc_column][\/vc_row][vc_row gap=&#8221;30&#8243; content_placement=&#8221;middle&#8221; el_class=&#8221;element-m1 contentVersion1&#8243;][vc_column width=&#8221;7\/12&#8243;][vc_column_text] (Proef)-koelinstallatie C02 chiller CERN [\/vc_column_text][vc_column_text]Wagenaar Refrigeration is active [&hellip;]<\/p>\n","protected":false},"author":12,"featured_media":0,"parent":0,"menu_order":0,"comment_status":"closed","ping_status":"closed","template":"","meta":{"_seopress_robots_primary_cat":""},"_links":{"self":[{"href":"https:\/\/wagenaar-refrigeration.com\/en\/wp-json\/wp\/v2\/pages\/2489"}],"collection":[{"href":"https:\/\/wagenaar-refrigeration.com\/en\/wp-json\/wp\/v2\/pages"}],"about":[{"href":"https:\/\/wagenaar-refrigeration.com\/en\/wp-json\/wp\/v2\/types\/page"}],"author":[{"embeddable":true,"href":"https:\/\/wagenaar-refrigeration.com\/en\/wp-json\/wp\/v2\/users\/12"}],"replies":[{"embeddable":true,"href":"https:\/\/wagenaar-refrigeration.com\/en\/wp-json\/wp\/v2\/comments?post=2489"}],"version-history":[{"count":5,"href":"https:\/\/wagenaar-refrigeration.com\/en\/wp-json\/wp\/v2\/pages\/2489\/revisions"}],"predecessor-version":[{"id":2528,"href":"https:\/\/wagenaar-refrigeration.com\/en\/wp-json\/wp\/v2\/pages\/2489\/revisions\/2528"}],"wp:attachment":[{"href":"https:\/\/wagenaar-refrigeration.com\/en\/wp-json\/wp\/v2\/media?parent=2489"}],"curies":[{"name":"wp","href":"https:\/\/api.w.org\/{rel}","templated":true}]}}